{"id":13,"date":"2024-08-14T04:43:31","date_gmt":"2024-08-14T04:43:31","guid":{"rendered":"https:\/\/cumbre.sabidurias.ancestrales.org\/DMS\/?page_id=13"},"modified":"2024-10-30T02:01:21","modified_gmt":"2024-10-30T08:01:21","slug":"programa-general","status":"publish","type":"page","link":"https:\/\/cumbre.sabidurias.ancestrales.org\/DMS\/programa-general\/","title":{"rendered":"Programa general"},"content":{"rendered":"\n<p id=\"Programa-general\">Aqu\u00ed podr\u00e1s explorar el itinerario completo del evento, desde las ceremonias de apertura hasta las actividades de clausura. Este programa general incluir\u00e1 horarios, descripciones de actividades, ceremonias especiales, talleres, y encuentros interculturales. Ser\u00e1 una gu\u00eda esencial para quienes deseen participar activamente y aprovechar al m\u00e1ximo las ense\u00f1anzas y experiencias ofrecidas durante el encuentro, ser\u00e1 actualizado constantemente, teniendo cambios sin previo aviso.<\/p>\n\n\n<a href=\"https:\/\/cumbre.sabidurias.ancestrales.org\/DMS\/wp-content\/uploads\/2024\/10\/EncuentroPlanetarioConGuardianesDeLaTierraSabiduriaAncestral_-ProgramaGeneral-Pleyades.pdf\" class=\"pdfemb-viewer\" style=\"\" data-width=\"max\" data-height=\"max\" data-toolbar=\"bottom\" data-toolbar-fixed=\"off\">EncuentroPlanetarioConGuardianesDeLaTierraSabiduriaAncestral_-ProgramaGeneral-Pleyades<\/a>\n\n\n<p class=\"has-text-align-center\"><\/p>\n\n\n\n<div class=\"wp-block-columns is-layout-flex wp-container-core-columns-is-layout-9d6595d7 wp-block-columns-is-layout-flex\">\n<div class=\"wp-block-column is-layout-flow wp-block-column-is-layout-flow\" style=\"flex-basis:100%\"><\/div>\n<\/div>\n","protected":false},"excerpt":{"rendered":"<p>Aqu\u00ed podr\u00e1s explorar el itinerario completo del evento, desde las ceremonias de apertura hasta las actividades de clausura. Este programa general incluir\u00e1 horarios, descripciones de actividades, ceremonias especiales, talleres, y encuentros interculturales. Ser\u00e1 una gu\u00eda esencial para quienes deseen participar activamente y aprovechar al m\u00e1ximo las ense\u00f1anzas y experiencias ofrecidas durante el encuentro, ser\u00e1 actualizado &hellip; <\/p>\n<p class=\"link-more\"><a href=\"https:\/\/cumbre.sabidurias.ancestrales.org\/DMS\/programa-general\/\" class=\"more-link\">Continuar leyendo<span class=\"screen-reader-text\"> &#8220;Programa general&#8221;<\/span><\/a><\/p>\n","protected":false},"author":1,"featured_media":69,"parent":0,"menu_order":0,"comment_status":"closed","ping_status":"closed","template":"","meta":{"footnotes":""},"class_list":["post-13","page","type-page","status-publish","has-post-thumbnail","hentry"],"_links":{"self":[{"href":"https:\/\/cumbre.sabidurias.ancestrales.org\/DMS\/wp-json\/wp\/v2\/pages\/13","targetHints":{"allow":["GET"]}}],"collection":[{"href":"https:\/\/cumbre.sabidurias.ancestrales.org\/DMS\/wp-json\/wp\/v2\/pages"}],"about":[{"href":"https:\/\/cumbre.sabidurias.ancestrales.org\/DMS\/wp-json\/wp\/v2\/types\/page"}],"author":[{"embeddable":true,"href":"https:\/\/cumbre.sabidurias.ancestrales.org\/DMS\/wp-json\/wp\/v2\/users\/1"}],"replies":[{"embeddable":true,"href":"https:\/\/cumbre.sabidurias.ancestrales.org\/DMS\/wp-json\/wp\/v2\/comments?post=13"}],"version-history":[{"count":15,"href":"https:\/\/cumbre.sabidurias.ancestrales.org\/DMS\/wp-json\/wp\/v2\/pages\/13\/revisions"}],"predecessor-version":[{"id":152,"href":"https:\/\/cumbre.sabidurias.ancestrales.org\/DMS\/wp-json\/wp\/v2\/pages\/13\/revisions\/152"}],"wp:featuredmedia":[{"embeddable":true,"href":"https:\/\/cumbre.sabidurias.ancestrales.org\/DMS\/wp-json\/wp\/v2\/media\/69"}],"wp:attachment":[{"href":"https:\/\/cumbre.sabidurias.ancestrales.org\/DMS\/wp-json\/wp\/v2\/media?parent=13"}],"curies":[{"name":"wp","href":"https:\/\/api.w.org\/{rel}","templated":true}]}}